{"id":238875,"date":"2024-12-17T10:53:23","date_gmt":"2024-12-17T10:53:23","guid":{"rendered":"https:\/\/vgabogadosyasesores.es\/immigration-procedures\/"},"modified":"2025-02-27T18:10:09","modified_gmt":"2025-02-27T18:10:09","slug":"immigration-procedures","status":"publish","type":"page","link":"https:\/\/vgabogadosyasesores.es\/ro\/immigration-procedures\/","title":{"rendered":"Demersuri de Imigrare"},"content":{"rendered":"<p>[et_pb_section fb_built=&#8221;1&#8243; _builder_version=&#8221;4.27.4&#8243; _module_preset=&#8221;default&#8221; background_color=&#8221;rgba(0,0,0,0.2)&#8221; background_image=&#8221;https:\/\/vgabogadosyasesores.es\/wp-content\/uploads\/2024\/12\/titlebar.jpg&#8221; background_blend=&#8221;overlay&#8221; custom_padding=&#8221;100px||100px||true|false&#8221; locked=&#8221;off&#8221; global_colors_info=&#8221;{}&#8221;][et_pb_row _builder_version=&#8221;4.19.4&#8243; _module_preset=&#8221;default&#8221; max_width=&#8221;100%&#8221; global_colors_info=&#8221;{}&#8221;][et_pb_column type=&#8221;4_4&#8243; _builder_version=&#8221;4.19.4&#8243; _module_preset=&#8221;default&#8221; global_colors_info=&#8221;{}&#8221;][et_pb_text admin_label=&#8221;titlebar&#8221; _builder_version=&#8221;4.27.4&#8243; _module_preset=&#8221;default&#8221; header_font=&#8221;|700|||||||&#8221; header_font_size=&#8221;35px&#8221; header_line_height=&#8221;1.3em&#8221; background_layout=&#8221;dark&#8221; header_font_size_tablet=&#8221;35px&#8221; header_font_size_phone=&#8221;30px&#8221; header_font_size_last_edited=&#8221;on|phone&#8221; header_text_shadow_style=&#8221;preset3&#8243; global_colors_info=&#8221;{}&#8221;]<\/p>\n<h1>Demersuri de Imigrare<\/h1>\n<p>[\/et_pb_text][\/et_pb_column][\/et_pb_row][\/et_pb_section][et_pb_section fb_built=&#8221;1&#8243; _builder_version=&#8221;4.19.4&#8243; _module_preset=&#8221;default&#8221; global_colors_info=&#8221;{}&#8221;][et_pb_row admin_label=&#8221;row&#8221; _builder_version=&#8221;4.16&#8243; background_size=&#8221;initial&#8221; background_position=&#8221;top_left&#8221; background_repeat=&#8221;repeat&#8221; locked=&#8221;off&#8221; global_colors_info=&#8221;{}&#8221;][et_pb_column type=&#8221;4_4&#8243; _builder_version=&#8221;4.16&#8243; custom_padding=&#8221;|||&#8221; global_colors_info=&#8221;{}&#8221; custom_padding__hover=&#8221;|||&#8221;][et_pb_text admin_label=&#8221;anuncio\/blockquote&#8221; _builder_version=&#8221;4.27.4&#8243; _module_preset=&#8221;default&#8221; header_2_line_height=&#8221;1.3em&#8221; header_3_line_height=&#8221;1.3em&#8221; header_4_line_height=&#8221;1.3em&#8221; header_5_line_height=&#8221;1.3em&#8221; text_orientation=&#8221;center&#8221; global_colors_info=&#8221;{}&#8221;]<\/p>\n<blockquote>\n<h3><strong>VG Abogados y Asesores<\/strong>:<\/h3>\n<h4>Lucr\u0103m al\u0103turi de dumneavoastr\u0103 \u00eentr-un mod agil \u0219i eficient. V\u0103 \u00een\u021belegem situa\u021bia \u0219i preocup\u0103rile, motiv pentru care vom solu\u021biona orice problem\u0103 existent\u0103.<br \/>\n<\/h4>\n<\/blockquote>\n<p>[\/et_pb_text][\/et_pb_column][\/et_pb_row][et_pb_row admin_label=&#8221;row&#8221; _builder_version=&#8221;4.16&#8243; background_size=&#8221;initial&#8221; background_position=&#8221;top_left&#8221; background_repeat=&#8221;repeat&#8221; locked=&#8221;off&#8221; global_colors_info=&#8221;{}&#8221;][et_pb_column type=&#8221;4_4&#8243; _builder_version=&#8221;4.16&#8243; custom_padding=&#8221;|||&#8221; global_colors_info=&#8221;{}&#8221; custom_padding__hover=&#8221;|||&#8221;][et_pb_text _builder_version=&#8221;4.27.4&#8243; _module_preset=&#8221;default&#8221; text_orientation=&#8221;justified&#8221; global_colors_info=&#8221;{}&#8221;]<\/p>\n<p>Suntem speciali\u0219ti \u00een procedurile de imigrare. Empatiz\u0103m cu fiecare caz \u00een parte \u0219i v\u0103 ajut\u0103m s\u0103 v\u0103 ob\u021bine\u021bi permisul de \u0219edere sau cet\u0103\u021benia spaniol\u0103 rapid \u0219i u\u0219or. Ne ocup\u0103m personal \u0219i direct de toate dosarele, deoarece \u0219tim exact cum s\u0103 rezolv\u0103m orice posibile probleme care pot ap\u0103rea.<\/p>\n<p>Printre alte servicii, v\u0103 putem ajuta cu:<\/p>\n<ul>\n<li>Ob\u021binerea vizei \u0219i a permisului de \u0219edere care se adapteaz\u0103 cel mai bine nevoilor dumneavoastr\u0103, astfel \u00eenc\u00e2t s\u0103 pute\u021bi locui, lucra \u0219i\/sau studia<\/li>\n<li>\u00eempreun\u0103 cu familia dumneavoastr\u0103 \u00een Spania.<\/li>\n<li>Cet\u0103\u021benie spaniol\u0103<\/li>\n<li>Stabilitate social\u0103, profesional\u0103 \u0219i familiar\u0103<\/li>\n<li>Permis pentru rude ale unui cet\u0103\u021bean comunitar<\/li>\n<li>Stabilitate pe cont propriu<\/li>\n<li>Cazier judiciar<\/li>\n<li>Cereri de azil<\/li>\n<li>Regularizarea situa\u021biilor ilegale<\/li>\n<li>Ob\u021binerea unei asigur\u0103ri de s\u0103n\u0103tate, a unui cont bancar, a unei locuin\u021be, a unei \u0219colariz\u0103ri pentru copii<\/li>\n<\/ul>\n<p>[\/et_pb_text][\/et_pb_column][\/et_pb_row][et_pb_row column_structure=&#8221;1_4,1_2,1_4&#8243; disabled_on=&#8221;off|off|off&#8221; _builder_version=&#8221;4.27.4&#8243; _module_preset=&#8221;default&#8221; locked=&#8221;off&#8221; global_colors_info=&#8221;{}&#8221;][et_pb_column type=&#8221;1_4&#8243; _builder_version=&#8221;4.19.4&#8243; _module_preset=&#8221;default&#8221; global_colors_info=&#8221;{}&#8221;][\/et_pb_column][et_pb_column type=&#8221;1_2&#8243; _builder_version=&#8221;4.19.4&#8243; _module_preset=&#8221;default&#8221; global_colors_info=&#8221;{}&#8221;][et_pb_image src=&#8221;https:\/\/vgabogadosyasesores.es\/wp-content\/uploads\/2024\/12\/tramites-extranjeria-nacionalidad.jpg&#8221; alt=&#8221;Tr\u00e1mites de Extranjer\u00eda y Nacionalidad&#8221; title_text=&#8221;tramites-extranjeria-nacionalidad&#8221; align=&#8221;center&#8221; _builder_version=&#8221;4.27.4&#8243; _module_preset=&#8221;default&#8221; global_colors_info=&#8221;{}&#8221;][\/et_pb_image][\/et_pb_column][et_pb_column type=&#8221;1_4&#8243; _builder_version=&#8221;4.19.4&#8243; _module_preset=&#8221;default&#8221; global_colors_info=&#8221;{}&#8221;][\/et_pb_column][\/et_pb_row][et_pb_row column_structure=&#8221;1_2,1_2&#8243; _builder_version=&#8221;4.22.1&#8243; _module_preset=&#8221;default&#8221; locked=&#8221;off&#8221; global_colors_info=&#8221;{}&#8221; custom_margin=&#8221;61px|auto||auto||&#8221;][et_pb_column type=&#8221;1_2&#8243; _builder_version=&#8221;4.22.1&#8243; _module_preset=&#8221;default&#8221; global_colors_info=&#8221;{}&#8221;][et_pb_blurb title=&#8221;STATUTUL APLICA\u021aILOR DE NA\u021aIONALITATE SPANIOL\u0102&#8221; use_icon=&#8221;on&#8221; font_icon=&#8221;&#x69;||divi||400&#8243; image_icon_width=&#8221;56px&#8221; _builder_version=&#8221;4.27.4&#8243; _module_preset=&#8221;default&#8221; header_font=&#8221;|700|||||||&#8221; header_line_height=&#8221;1.3em&#8221; text_orientation=&#8221;center&#8221; custom_margin=&#8221;||15px||false|false&#8221; hover_enabled=&#8221;0&#8243; global_colors_info=&#8221;{}&#8221; font_icon__hover_enabled=&#8221;on|hover&#8221; font_icon__hover=&#8221;\ue059||divi||400&#8243; sticky_enabled=&#8221;0&#8243;]Verifica\u021bi starea cererii dvs. furniz\u00e2nd num\u0103rul de dosar, anul depunerii \u0219i num\u0103rul c\u0103r\u021bii dvs. de identitate de str\u0103in.[\/et_pb_blurb][et_pb_button button_url=&#8221;https:\/\/sede.mjusticia.gob.es\/eConsultas\/inicioNacionalidad&#8221; url_new_window=&#8221;on&#8221; button_text=&#8221;Vede\u021bi starea&#8221; button_alignment=&#8221;center&#8221; _builder_version=&#8221;4.27.4&#8243; _module_preset=&#8221;default&#8221; custom_button=&#8221;on&#8221; button_text_size=&#8221;16px&#8221; button_text_color=&#8221;#FFFFFF&#8221; button_bg_color=&#8221;#0a1d50&#8243; button_border_color=&#8221;#0a1d50&#8243; button_font=&#8221;|700|||||||&#8221; hover_enabled=&#8221;0&#8243; button_bg_color_last_edited=&#8221;off|desktop&#8221; global_colors_info=&#8221;{}&#8221; button_bg_color__hover_enabled=&#8221;on|hover&#8221; button_bg_color__hover=&#8221;#FFFFFF&#8221; button_bg_enable_color__hover=&#8221;on&#8221; button_text_color__hover_enabled=&#8221;on|hover&#8221; button_text_color__hover=&#8221;#0a1d50&#8243; sticky_enabled=&#8221;0&#8243;][\/et_pb_button][\/et_pb_column][et_pb_column type=&#8221;1_2&#8243; _builder_version=&#8221;4.22.1&#8243; _module_preset=&#8221;default&#8221; global_colors_info=&#8221;{}&#8221;][et_pb_blurb title=&#8221;STAREA DOSARELOR STR\u0102INE&#8221; use_icon=&#8221;on&#8221; font_icon=&#8221;&#xe101;||divi||400&#8243; image_icon_width=&#8221;56px&#8221; _builder_version=&#8221;4.27.4&#8243; _module_preset=&#8221;default&#8221; header_font=&#8221;|700|||||||&#8221; header_line_height=&#8221;1.3em&#8221; text_orientation=&#8221;center&#8221; custom_margin=&#8221;||15px||false|false&#8221; hover_enabled=&#8221;0&#8243; global_colors_info=&#8221;{}&#8221; font_icon__hover_enabled=&#8221;on|hover&#8221; font_icon__hover=&#8221;\ue0f7||divi||400&#8243; sticky_enabled=&#8221;0&#8243;]<\/p>\n<p>Interogare dup\u0103 num\u0103rul de fi\u0219ier sau NIE.<\/p>\n<p>[\/et_pb_blurb][et_pb_button button_url=&#8221;https:\/\/sede.administracionespublicas.gob.es\/infoext2\/index.html&#8221; url_new_window=&#8221;on&#8221; button_text=&#8221;Vede\u021bi starea&#8221; button_alignment=&#8221;center&#8221; _builder_version=&#8221;4.27.4&#8243; _module_preset=&#8221;default&#8221; custom_button=&#8221;on&#8221; button_text_size=&#8221;16px&#8221; button_text_color=&#8221;#FFFFFF&#8221; button_bg_color=&#8221;#0a1d50&#8243; button_border_color=&#8221;#0a1d50&#8243; button_font=&#8221;|700|||||||&#8221; hover_enabled=&#8221;0&#8243; button_bg_color_last_edited=&#8221;off|desktop&#8221; global_colors_info=&#8221;{}&#8221; button_bg_color__hover_enabled=&#8221;on|hover&#8221; button_bg_color__hover=&#8221;#FFFFFF&#8221; button_bg_enable_color__hover=&#8221;on&#8221; button_text_color__hover_enabled=&#8221;on|hover&#8221; button_text_color__hover=&#8221;#0a1d50&#8243; sticky_enabled=&#8221;0&#8243;][\/et_pb_button][\/et_pb_column][\/et_pb_row][\/et_pb_section][et_pb_section fb_built=&#8221;1&#8243; _builder_version=&#8221;4.19.4&#8243; _module_preset=&#8221;default&#8221; background_color=&#8221;rgba(0,0,0,0.25)&#8221; background_image=&#8221;https:\/\/vgabogadosyasesores.es\/wp-content\/uploads\/2023\/01\/banner.jpg&#8221; background_blend=&#8221;multiply&#8221; custom_padding=&#8221;150px||150px||true|false&#8221; animation_style=&#8221;slide&#8221; animation_direction=&#8221;bottom&#8221; animation_duration=&#8221;3000ms&#8221; animation_delay=&#8221;500ms&#8221; locked=&#8221;off&#8221; global_colors_info=&#8221;{}&#8221;][et_pb_row _builder_version=&#8221;4.19.4&#8243; _module_preset=&#8221;default&#8221; global_colors_info=&#8221;{}&#8221;][et_pb_column type=&#8221;4_4&#8243; _builder_version=&#8221;4.19.4&#8243; _module_preset=&#8221;default&#8221; global_colors_info=&#8221;{}&#8221;][et_pb_text admin_label=&#8221;banner&#8221; _builder_version=&#8221;4.27.4&#8243; _module_preset=&#8221;default&#8221; header_3_font_size=&#8221;25px&#8221; header_4_font_size=&#8221;22px&#8221; text_orientation=&#8221;center&#8221; background_layout=&#8221;dark&#8221; header_3_text_shadow_style=&#8221;preset3&#8243; header_3_text_shadow_color=&#8221;#000000&#8243; header_4_text_shadow_style=&#8221;preset3&#8243; header_4_text_shadow_color=&#8221;#000000&#8243; global_colors_info=&#8221;{}&#8221;]<\/p>\n<h3><strong>VG Abogados y Asesores<\/strong>:<\/h3>\n<h4><strong>V\u0103 putem asista \u00een limbile spaniol\u0103, rom\u00e2n\u0103, englez\u0103, moldoveneasc\u0103, rus\u0103 \u0219i italian\u0103.<\/strong><\/h4>\n<p>[\/et_pb_text][\/et_pb_column][\/et_pb_row][\/et_pb_section]<\/p>\n","protected":false},"excerpt":{"rendered":"<p>Demersuri de Imigrare VG Abogados y Asesores: Lucr\u0103m al\u0103turi de dumneavoastr\u0103 \u00eentr-un mod agil \u0219i eficient. V\u0103 \u00een\u021belegem situa\u021bia \u0219i preocup\u0103rile, motiv pentru care vom solu\u021biona orice problem\u0103 existent\u0103. Suntem speciali\u0219ti \u00een procedurile de imigrare. Empatiz\u0103m cu fiecare caz \u00een parte \u0219i v\u0103 ajut\u0103m s\u0103 v\u0103 ob\u021bine\u021bi permisul de \u0219edere sau cet\u0103\u021benia spaniol\u0103 rapid \u0219i [&hellip;]<\/p>\n","protected":false},"author":1,"featured_media":0,"parent":0,"menu_order":0,"comment_status":"closed","ping_status":"closed","template":"","meta":{"_et_pb_use_builder":"on","_et_pb_old_content":"","_et_gb_content_width":"","footnotes":""},"class_list":["post-238875","page","type-page","status-publish","hentry"],"aioseo_notices":[],"_links":{"self":[{"href":"https:\/\/vgabogadosyasesores.es\/ro\/wp-json\/wp\/v2\/pages\/238875","targetHints":{"allow":["GET"]}}],"collection":[{"href":"https:\/\/vgabogadosyasesores.es\/ro\/wp-json\/wp\/v2\/pages"}],"about":[{"href":"https:\/\/vgabogadosyasesores.es\/ro\/wp-json\/wp\/v2\/types\/page"}],"author":[{"embeddable":true,"href":"https:\/\/vgabogadosyasesores.es\/ro\/wp-json\/wp\/v2\/users\/1"}],"replies":[{"embeddable":true,"href":"https:\/\/vgabogadosyasesores.es\/ro\/wp-json\/wp\/v2\/comments?post=238875"}],"version-history":[{"count":5,"href":"https:\/\/vgabogadosyasesores.es\/ro\/wp-json\/wp\/v2\/pages\/238875\/revisions"}],"predecessor-version":[{"id":239098,"href":"https:\/\/vgabogadosyasesores.es\/ro\/wp-json\/wp\/v2\/pages\/238875\/revisions\/239098"}],"wp:attachment":[{"href":"https:\/\/vgabogadosyasesores.es\/ro\/wp-json\/wp\/v2\/media?parent=238875"}],"curies":[{"name":"wp","href":"https:\/\/api.w.org\/{rel}","templated":true}]}}