{"id":238887,"date":"2023-09-12T15:20:32","date_gmt":"2023-09-12T15:20:32","guid":{"rendered":"https:\/\/vgabogadosyasesores.es\/derecho-penal\/"},"modified":"2024-12-18T12:53:12","modified_gmt":"2024-12-18T12:53:12","slug":"derecho-penal","status":"publish","type":"page","link":"https:\/\/vgabogadosyasesores.es\/ro\/derecho-penal\/","title":{"rendered":"Drept Penal"},"content":{"rendered":"<p>[et_pb_section fb_built=&#8221;1&#8243; _builder_version=&#8221;4.22.1&#8243; _module_preset=&#8221;default&#8221; background_color=&#8221;rgba(0,0,0,0.2)&#8221; background_image=&#8221;https:\/\/vgabogadosyasesores.es\/wp-content\/uploads\/2024\/12\/titlebar.jpg&#8221; background_blend=&#8221;overlay&#8221; custom_padding=&#8221;100px||100px||true|false&#8221; locked=&#8221;off&#8221; global_colors_info=&#8221;{}&#8221;][et_pb_row _builder_version=&#8221;4.19.4&#8243; _module_preset=&#8221;default&#8221; max_width=&#8221;100%&#8221; global_colors_info=&#8221;{}&#8221;][et_pb_column type=&#8221;4_4&#8243; _builder_version=&#8221;4.19.4&#8243; _module_preset=&#8221;default&#8221; global_colors_info=&#8221;{}&#8221;][et_pb_text admin_label=&#8221;titlebar&#8221; _builder_version=&#8221;4.27.4&#8243; _module_preset=&#8221;default&#8221; header_font=&#8221;|700|||||||&#8221; header_font_size=&#8221;35px&#8221; header_line_height=&#8221;1.3em&#8221; background_layout=&#8221;dark&#8221; hover_enabled=&#8221;0&#8243; header_font_size_tablet=&#8221;35px&#8221; header_font_size_phone=&#8221;30px&#8221; header_font_size_last_edited=&#8221;on|phone&#8221; header_text_shadow_style=&#8221;preset3&#8243; global_colors_info=&#8221;{}&#8221; sticky_enabled=&#8221;0&#8243;]<\/p>\n<h1>Drept Penal<\/h1>\n<p>[\/et_pb_text][\/et_pb_column][\/et_pb_row][\/et_pb_section][et_pb_section fb_built=&#8221;1&#8243; _builder_version=&#8221;4.19.4&#8243; _module_preset=&#8221;default&#8221; global_colors_info=&#8221;{}&#8221;][et_pb_row admin_label=&#8221;row&#8221; _builder_version=&#8221;4.16&#8243; background_size=&#8221;initial&#8221; background_position=&#8221;top_left&#8221; background_repeat=&#8221;repeat&#8221; locked=&#8221;off&#8221; global_colors_info=&#8221;{}&#8221;][et_pb_column type=&#8221;4_4&#8243; _builder_version=&#8221;4.16&#8243; custom_padding=&#8221;|||&#8221; global_colors_info=&#8221;{}&#8221; custom_padding__hover=&#8221;|||&#8221;][et_pb_text admin_label=&#8221;anuncio\/blockquote&#8221; _builder_version=&#8221;4.27.4&#8243; _module_preset=&#8221;default&#8221; header_2_line_height=&#8221;1.3em&#8221; header_3_line_height=&#8221;1.3em&#8221; header_4_line_height=&#8221;1.3em&#8221; header_5_line_height=&#8221;1.3em&#8221; text_orientation=&#8221;center&#8221; hover_enabled=&#8221;0&#8243; global_colors_info=&#8221;{}&#8221; sticky_enabled=&#8221;0&#8243;]<\/p>\n<blockquote>\n<h3><strong>VG Abogados y Asesores<\/strong>:<\/h3>\n<h4>\u00cen cadrul cabinetului noastre, punem \u00eentotdeauna accentul pe dreptul la prezum\u021bia de nevinov\u0103\u021bie \u00een scopul de a oferi \u00een permanen\u021b\u0103 cea mai bun\u0103 ap\u0103rare posibil\u0103 \u0219i de a proteja interesele legale ale clien\u021bilor no\u0219tri.<\/h4>\n<\/blockquote>\n<p>[\/et_pb_text][\/et_pb_column][\/et_pb_row][et_pb_row admin_label=&#8221;row&#8221; _builder_version=&#8221;4.16&#8243; background_size=&#8221;initial&#8221; background_position=&#8221;top_left&#8221; background_repeat=&#8221;repeat&#8221; locked=&#8221;off&#8221; global_colors_info=&#8221;{}&#8221;][et_pb_column type=&#8221;4_4&#8243; _builder_version=&#8221;4.16&#8243; custom_padding=&#8221;|||&#8221; global_colors_info=&#8221;{}&#8221; custom_padding__hover=&#8221;|||&#8221;][et_pb_text _builder_version=&#8221;4.27.4&#8243; _module_preset=&#8221;default&#8221; text_orientation=&#8221;justified&#8221; hover_enabled=&#8221;0&#8243; global_colors_info=&#8221;{}&#8221; sticky_enabled=&#8221;0&#8243;]<\/p>\n<p>To\u021bi avoca\u021bii din cadrul cabinetului au mul\u021bi ani de experien\u021b\u0103 \u00een ap\u0103rarea intereselor clien\u021bilor no\u0219tri \u00een toate tipurile de infrac\u021biuni (minore\/grave) \u00een fa\u021ba tuturor instan\u021belor. Succesul nostru se bazeaz\u0103 pe rigoarea tehnic\u0103 pe tot parcursul procesului \u0219i pe tratamentul personalizat al fiec\u0103rui client, urm\u0103rind un angajament maxim \u00een urm\u0103rirea cazului.<br \/>Avoca\u021bii no\u0219tri v\u0103 vor oferi consultan\u021b\u0103 complet\u0103 \u0219i continu\u0103, iar func\u021biile noastre pot fi rezumate dup\u0103 cum urmeaz\u0103:<\/p>\n<ul>\n<li>Reprezentare \u0219i ap\u0103rare \u00een toate tipurile de procese \u00een Santander \u0219i Cantabria<\/li>\n<li>Procese pentru infrac\u021biuni minore<\/li>\n<li>Infrac\u021biuni \u00eempotriva persoanei: v\u0103t\u0103m\u0103ri corporale, omucidere, asasinat etc.<\/li>\n<li>Infrac\u021biuni financiare: deturnare de fonduri, \u00een\u0219el\u0103ciune, fals etc.<\/li>\n<li>Violen\u021ba de gen<\/li>\n<li>Infrac\u021biuni rutiere: conducere \u00een stare de ebrietate, exces de vitez\u0103, conducere f\u0103r\u0103 permis etc.<\/li>\n<li>Infrac\u021biuni \u00eempotriva propriet\u0103\u021bii: furt, t\u00e2lh\u0103rie, t\u0103inuire, daune, fraud\u0103 etc.<\/li>\n<li>Infrac\u021biuni \u00eempotriva s\u0103n\u0103t\u0103\u021bii publice: trafic de droguri<\/li>\n<li>Infrac\u021biuni \u00eempotriva libert\u0103\u021bii: re\u021binere ilegal\u0103, sechestru, amenin\u021b\u0103ri, constr\u00e2ngere etc.<\/li>\n<li>Infrac\u021biuni \u00eempotriva onoarei: calomnie \u0219i def\u0103imare<\/li>\n<li>Infrac\u021biuni \u00eempotriva cet\u0103\u021benilor str\u0103ini<\/li>\n<li>Ap\u0103rare \u00een procesele cu jura\u021bi<\/li>\n<li>Ap\u0103rarea \u00een procese cu minori<\/li>\n<li>Asisten\u021b\u0103 pentru de\u021binu\u021bi \u00een fa\u021ba poli\u021biei \u0219i a instan\u021belor de judecat\u0103<\/li>\n<li>Cereri de gra\u021biere<\/li>\n<li>Cerere de acordare a celui de-al treilea grad de penitenciar sau de libertate condi\u021bionat\u0103<\/li>\n<li>Asisten\u021b\u0103 \u00een fa\u021ba instan\u021belor: Judec\u0103torii de instruc\u021bie, Sec\u021bii penale, instan\u021be regionale, Curtea Suprem\u0103 de Justi\u021bie, Curtea cu jura\u021bi, Curtea Na\u021bional\u0103, Curtea Suprem\u0103 \u0219i<\/li>\n<li>Tribunalul Constitu\u021bional.<\/li>\n<\/ul>\n<p>[\/et_pb_text][\/et_pb_column][\/et_pb_row][et_pb_row column_structure=&#8221;1_4,1_2,1_4&#8243; _builder_version=&#8221;4.19.4&#8243; _module_preset=&#8221;default&#8221; locked=&#8221;off&#8221; global_colors_info=&#8221;{}&#8221;][et_pb_column type=&#8221;1_4&#8243; _builder_version=&#8221;4.19.4&#8243; _module_preset=&#8221;default&#8221; global_colors_info=&#8221;{}&#8221;][\/et_pb_column][et_pb_column type=&#8221;1_2&#8243; _builder_version=&#8221;4.19.4&#8243; _module_preset=&#8221;default&#8221; global_colors_info=&#8221;{}&#8221;][et_pb_image src=&#8221;https:\/\/vgabogadosyasesores.es\/wp-content\/uploads\/2024\/12\/derecho-penal.jpg&#8221; alt=&#8221;Derecho Penal&#8221; title_text=&#8221;derecho-penal&#8221; align=&#8221;center&#8221; _builder_version=&#8221;4.27.4&#8243; _module_preset=&#8221;default&#8221; global_colors_info=&#8221;{}&#8221;][\/et_pb_image][\/et_pb_column][et_pb_column type=&#8221;1_4&#8243; _builder_version=&#8221;4.19.4&#8243; _module_preset=&#8221;default&#8221; global_colors_info=&#8221;{}&#8221;][\/et_pb_column][\/et_pb_row][\/et_pb_section][et_pb_section fb_built=&#8221;1&#8243; _builder_version=&#8221;4.19.4&#8243; _module_preset=&#8221;default&#8221; background_color=&#8221;rgba(0,0,0,0.25)&#8221; background_image=&#8221;https:\/\/vgabogadosyasesores.es\/wp-content\/uploads\/2023\/01\/banner.jpg&#8221; background_blend=&#8221;multiply&#8221; custom_padding=&#8221;150px||150px||true|false&#8221; animation_style=&#8221;slide&#8221; animation_direction=&#8221;bottom&#8221; animation_duration=&#8221;3000ms&#8221; animation_delay=&#8221;500ms&#8221; locked=&#8221;off&#8221; global_colors_info=&#8221;{}&#8221;][et_pb_row _builder_version=&#8221;4.19.4&#8243; _module_preset=&#8221;default&#8221; global_colors_info=&#8221;{}&#8221;][et_pb_column type=&#8221;4_4&#8243; _builder_version=&#8221;4.19.4&#8243; _module_preset=&#8221;default&#8221; global_colors_info=&#8221;{}&#8221;][et_pb_text admin_label=&#8221;banner&#8221; _builder_version=&#8221;4.22.1&#8243; _module_preset=&#8221;default&#8221; header_3_font_size=&#8221;25px&#8221; header_4_font_size=&#8221;22px&#8221; text_orientation=&#8221;center&#8221; background_layout=&#8221;dark&#8221; header_3_text_shadow_style=&#8221;preset3&#8243; header_3_text_shadow_color=&#8221;#000000&#8243; header_4_text_shadow_style=&#8221;preset3&#8243; header_4_text_shadow_color=&#8221;#000000&#8243; global_colors_info=&#8221;{}&#8221;]<\/p>\n<h3><strong>VG Abogados y Asesores<\/strong>:<\/h3>\n<h4>Esfuerzo, sinceridad, voluntariado, ayuda internacional y profesionalidad.<\/h4>\n<p>[\/et_pb_text][\/et_pb_column][\/et_pb_row][\/et_pb_section]<\/p>\n","protected":false},"excerpt":{"rendered":"<p>Drept Penal VG Abogados y Asesores: \u00cen cadrul cabinetului noastre, punem \u00eentotdeauna accentul pe dreptul la prezum\u021bia de nevinov\u0103\u021bie \u00een scopul de a oferi \u00een permanen\u021b\u0103 cea mai bun\u0103 ap\u0103rare posibil\u0103 \u0219i de a proteja interesele legale ale clien\u021bilor no\u0219tri. To\u021bi avoca\u021bii din cadrul cabinetului au mul\u021bi ani de experien\u021b\u0103 \u00een ap\u0103rarea intereselor clien\u021bilor no\u0219tri [&hellip;]<\/p>\n","protected":false},"author":1,"featured_media":0,"parent":0,"menu_order":0,"comment_status":"closed","ping_status":"closed","template":"","meta":{"_et_pb_use_builder":"on","_et_pb_old_content":"","_et_gb_content_width":"","footnotes":""},"class_list":["post-238887","page","type-page","status-publish","hentry"],"aioseo_notices":[],"_links":{"self":[{"href":"https:\/\/vgabogadosyasesores.es\/ro\/wp-json\/wp\/v2\/pages\/238887","targetHints":{"allow":["GET"]}}],"collection":[{"href":"https:\/\/vgabogadosyasesores.es\/ro\/wp-json\/wp\/v2\/pages"}],"about":[{"href":"https:\/\/vgabogadosyasesores.es\/ro\/wp-json\/wp\/v2\/types\/page"}],"author":[{"embeddable":true,"href":"https:\/\/vgabogadosyasesores.es\/ro\/wp-json\/wp\/v2\/users\/1"}],"replies":[{"embeddable":true,"href":"https:\/\/vgabogadosyasesores.es\/ro\/wp-json\/wp\/v2\/comments?post=238887"}],"version-history":[{"count":3,"href":"https:\/\/vgabogadosyasesores.es\/ro\/wp-json\/wp\/v2\/pages\/238887\/revisions"}],"predecessor-version":[{"id":238891,"href":"https:\/\/vgabogadosyasesores.es\/ro\/wp-json\/wp\/v2\/pages\/238887\/revisions\/238891"}],"wp:attachment":[{"href":"https:\/\/vgabogadosyasesores.es\/ro\/wp-json\/wp\/v2\/media?parent=238887"}],"curies":[{"name":"wp","href":"https:\/\/api.w.org\/{rel}","templated":true}]}}