{"id":238897,"date":"2023-09-12T15:21:06","date_gmt":"2023-09-12T15:21:06","guid":{"rendered":"https:\/\/vgabogadosyasesores.es\/derecho-civil\/"},"modified":"2024-12-18T13:28:54","modified_gmt":"2024-12-18T13:28:54","slug":"derecho-civil","status":"publish","type":"page","link":"https:\/\/vgabogadosyasesores.es\/ro\/derecho-civil\/","title":{"rendered":"Drept Civil"},"content":{"rendered":"<p>[et_pb_section fb_built=&#8221;1&#8243; _builder_version=&#8221;4.22.1&#8243; _module_preset=&#8221;default&#8221; background_color=&#8221;rgba(0,0,0,0.2)&#8221; background_image=&#8221;https:\/\/vgabogadosyasesores.es\/wp-content\/uploads\/2024\/12\/titlebar.jpg&#8221; background_blend=&#8221;overlay&#8221; custom_padding=&#8221;100px||100px||true|false&#8221; locked=&#8221;off&#8221; global_colors_info=&#8221;{}&#8221;][et_pb_row _builder_version=&#8221;4.19.4&#8243; _module_preset=&#8221;default&#8221; max_width=&#8221;100%&#8221; global_colors_info=&#8221;{}&#8221;][et_pb_column type=&#8221;4_4&#8243; _builder_version=&#8221;4.19.4&#8243; _module_preset=&#8221;default&#8221; global_colors_info=&#8221;{}&#8221;][et_pb_text admin_label=&#8221;titlebar&#8221; _builder_version=&#8221;4.27.4&#8243; _module_preset=&#8221;default&#8221; header_font=&#8221;|700|||||||&#8221; header_font_size=&#8221;35px&#8221; header_line_height=&#8221;1.3em&#8221; background_layout=&#8221;dark&#8221; hover_enabled=&#8221;0&#8243; header_font_size_tablet=&#8221;35px&#8221; header_font_size_phone=&#8221;30px&#8221; header_font_size_last_edited=&#8221;on|phone&#8221; header_text_shadow_style=&#8221;preset3&#8243; global_colors_info=&#8221;{}&#8221; sticky_enabled=&#8221;0&#8243;]<\/p>\n<h1>Drept Civil<\/h1>\n<p>[\/et_pb_text][\/et_pb_column][\/et_pb_row][\/et_pb_section][et_pb_section fb_built=&#8221;1&#8243; _builder_version=&#8221;4.19.4&#8243; _module_preset=&#8221;default&#8221; global_colors_info=&#8221;{}&#8221;][et_pb_row admin_label=&#8221;row&#8221; _builder_version=&#8221;4.16&#8243; background_size=&#8221;initial&#8221; background_position=&#8221;top_left&#8221; background_repeat=&#8221;repeat&#8221; locked=&#8221;off&#8221; global_colors_info=&#8221;{}&#8221;][et_pb_column type=&#8221;4_4&#8243; _builder_version=&#8221;4.16&#8243; custom_padding=&#8221;|||&#8221; global_colors_info=&#8221;{}&#8221; custom_padding__hover=&#8221;|||&#8221;][et_pb_text admin_label=&#8221;anuncio\/blockquote&#8221; _builder_version=&#8221;4.27.4&#8243; _module_preset=&#8221;default&#8221; header_2_line_height=&#8221;1.3em&#8221; header_3_line_height=&#8221;1.3em&#8221; header_4_line_height=&#8221;1.3em&#8221; header_5_line_height=&#8221;1.3em&#8221; text_orientation=&#8221;center&#8221; hover_enabled=&#8221;0&#8243; global_colors_info=&#8221;{}&#8221; sticky_enabled=&#8221;0&#8243;]<\/p>\n<blockquote>\n<h3><strong>VG Abogados y Asesores<\/strong>:<\/h3>\n<h4>Profesionalism, experien\u021b\u0103 \u0219i solvabilitate \u00een beneficiul cazului dumneavoastr\u0103.<\/h4>\n<\/blockquote>\n<p>[\/et_pb_text][\/et_pb_column][\/et_pb_row][et_pb_row admin_label=&#8221;row&#8221; _builder_version=&#8221;4.16&#8243; background_size=&#8221;initial&#8221; background_position=&#8221;top_left&#8221; background_repeat=&#8221;repeat&#8221; locked=&#8221;off&#8221; global_colors_info=&#8221;{}&#8221;][et_pb_column type=&#8221;4_4&#8243; _builder_version=&#8221;4.16&#8243; custom_padding=&#8221;|||&#8221; global_colors_info=&#8221;{}&#8221; custom_padding__hover=&#8221;|||&#8221;][et_pb_text _builder_version=&#8221;4.27.4&#8243; _module_preset=&#8221;default&#8221; text_orientation=&#8221;justified&#8221; hover_enabled=&#8221;0&#8243; global_colors_info=&#8221;{}&#8221; sticky_enabled=&#8221;0&#8243;]<\/p>\n<p>La VG Abogados y Asesores v\u0103 oferim cea mai bun\u0103 consultan\u021b\u0103 \u0219i asisten\u021b\u0103 juridic\u0103 \u00een toate tipurile de proceduri civile \u00een fa\u021ba instan\u021belor \u0219i tribunalelor, precum \u0219i \u00een orice aspect al rela\u021biilor umane.<\/p>\n<ul>\n<li>Mo\u0219teniri \u0219i succesiuni<\/li>\n<li>Familie, c\u0103s\u0103torie \u0219i minori<\/li>\n<li>Revendicarea crean\u021belor \u0219i a datoriilor<\/li>\n<li>Contracte de \u00eenchiriere urban\u0103 \u0219i rural\u0103<\/li>\n<li>Evacu\u0103ri \u0219i solicit\u0103ri de plat\u0103<\/li>\n<li>Proceduri de insolven\u021b\u0103<\/li>\n<li>Cereri de desp\u0103gubire<\/li>\n<li>R\u0103spunderea civil\u0103 contractual\u0103 \u0219i extracontractual\u0103<\/li>\n<li>Redactarea \u0219i revizuirea contractelor<\/li>\n<li>Cereri de desp\u0103gubire pentru vicii de construc\u021bie<\/li>\n<li>Asisten\u021b\u0103 la Notariate<\/li>\n<li>Constituirea de societ\u0103\u021bi comerciale \u0219i opera\u021biuni conexe<\/li>\n<\/ul>\n<p>[\/et_pb_text][\/et_pb_column][\/et_pb_row][et_pb_row column_structure=&#8221;1_4,1_2,1_4&#8243; _builder_version=&#8221;4.19.4&#8243; _module_preset=&#8221;default&#8221; locked=&#8221;off&#8221; global_colors_info=&#8221;{}&#8221;][et_pb_column type=&#8221;1_4&#8243; _builder_version=&#8221;4.19.4&#8243; _module_preset=&#8221;default&#8221; global_colors_info=&#8221;{}&#8221;][\/et_pb_column][et_pb_column type=&#8221;1_2&#8243; _builder_version=&#8221;4.19.4&#8243; _module_preset=&#8221;default&#8221; global_colors_info=&#8221;{}&#8221;][et_pb_image src=&#8221;https:\/\/vgabogadosyasesores.es\/wp-content\/uploads\/2023\/09\/derecho-civil.jpg&#8221; alt=&#8221;Derecho Civil&#8221; title_text=&#8221;derecho-civil&#8221; align=&#8221;center&#8221; _builder_version=&#8221;4.22.1&#8243; _module_preset=&#8221;default&#8221; global_colors_info=&#8221;{}&#8221;][\/et_pb_image][\/et_pb_column][et_pb_column type=&#8221;1_4&#8243; _builder_version=&#8221;4.19.4&#8243; _module_preset=&#8221;default&#8221; global_colors_info=&#8221;{}&#8221;][\/et_pb_column][\/et_pb_row][\/et_pb_section][et_pb_section fb_built=&#8221;1&#8243; _builder_version=&#8221;4.19.4&#8243; _module_preset=&#8221;default&#8221; background_color=&#8221;rgba(0,0,0,0.25)&#8221; background_image=&#8221;https:\/\/vgabogadosyasesores.es\/wp-content\/uploads\/2023\/01\/banner.jpg&#8221; background_blend=&#8221;multiply&#8221; custom_padding=&#8221;150px||150px||true|false&#8221; animation_style=&#8221;slide&#8221; animation_direction=&#8221;bottom&#8221; animation_duration=&#8221;3000ms&#8221; animation_delay=&#8221;500ms&#8221; locked=&#8221;off&#8221; global_colors_info=&#8221;{}&#8221;][et_pb_row _builder_version=&#8221;4.19.4&#8243; _module_preset=&#8221;default&#8221; global_colors_info=&#8221;{}&#8221;][et_pb_column type=&#8221;4_4&#8243; _builder_version=&#8221;4.19.4&#8243; _module_preset=&#8221;default&#8221; global_colors_info=&#8221;{}&#8221;][et_pb_text admin_label=&#8221;banner&#8221; _builder_version=&#8221;4.22.1&#8243; _module_preset=&#8221;default&#8221; header_3_font_size=&#8221;25px&#8221; header_4_font_size=&#8221;22px&#8221; text_orientation=&#8221;center&#8221; background_layout=&#8221;dark&#8221; header_3_text_shadow_style=&#8221;preset3&#8243; header_3_text_shadow_color=&#8221;#000000&#8243; header_4_text_shadow_style=&#8221;preset3&#8243; header_4_text_shadow_color=&#8221;#000000&#8243; global_colors_info=&#8221;{}&#8221;]<\/p>\n<h3><strong>VG Abogados y Asesores<\/strong>:<\/h3>\n<h4>Esfuerzo, sinceridad, voluntariado, ayuda internacional y profesionalidad.<\/h4>\n<p>[\/et_pb_text][\/et_pb_column][\/et_pb_row][\/et_pb_section]<\/p>\n","protected":false},"excerpt":{"rendered":"<p>Drept Civil VG Abogados y Asesores: Profesionalism, experien\u021b\u0103 \u0219i solvabilitate \u00een beneficiul cazului dumneavoastr\u0103. La VG Abogados y Asesores v\u0103 oferim cea mai bun\u0103 consultan\u021b\u0103 \u0219i asisten\u021b\u0103 juridic\u0103 \u00een toate tipurile de proceduri civile \u00een fa\u021ba instan\u021belor \u0219i tribunalelor, precum \u0219i \u00een orice aspect al rela\u021biilor umane. Mo\u0219teniri \u0219i succesiuni Familie, c\u0103s\u0103torie \u0219i minori Revendicarea [&hellip;]<\/p>\n","protected":false},"author":1,"featured_media":0,"parent":0,"menu_order":0,"comment_status":"closed","ping_status":"closed","template":"","meta":{"_et_pb_use_builder":"on","_et_pb_old_content":"","_et_gb_content_width":"","footnotes":""},"class_list":["post-238897","page","type-page","status-publish","hentry"],"aioseo_notices":[],"_links":{"self":[{"href":"https:\/\/vgabogadosyasesores.es\/ro\/wp-json\/wp\/v2\/pages\/238897","targetHints":{"allow":["GET"]}}],"collection":[{"href":"https:\/\/vgabogadosyasesores.es\/ro\/wp-json\/wp\/v2\/pages"}],"about":[{"href":"https:\/\/vgabogadosyasesores.es\/ro\/wp-json\/wp\/v2\/types\/page"}],"author":[{"embeddable":true,"href":"https:\/\/vgabogadosyasesores.es\/ro\/wp-json\/wp\/v2\/users\/1"}],"replies":[{"embeddable":true,"href":"https:\/\/vgabogadosyasesores.es\/ro\/wp-json\/wp\/v2\/comments?post=238897"}],"version-history":[{"count":2,"href":"https:\/\/vgabogadosyasesores.es\/ro\/wp-json\/wp\/v2\/pages\/238897\/revisions"}],"predecessor-version":[{"id":238899,"href":"https:\/\/vgabogadosyasesores.es\/ro\/wp-json\/wp\/v2\/pages\/238897\/revisions\/238899"}],"wp:attachment":[{"href":"https:\/\/vgabogadosyasesores.es\/ro\/wp-json\/wp\/v2\/media?parent=238897"}],"curies":[{"name":"wp","href":"https:\/\/api.w.org\/{rel}","templated":true}]}}