{"id":238918,"date":"2023-09-12T09:44:29","date_gmt":"2023-09-12T09:44:29","guid":{"rendered":"https:\/\/vgabogadosyasesores.es\/otros-tramites\/"},"modified":"2025-02-11T12:35:56","modified_gmt":"2025-02-11T12:35:56","slug":"otros-tramites","status":"publish","type":"page","link":"https:\/\/vgabogadosyasesores.es\/ro\/otros-tramites\/","title":{"rendered":"Alte Demersuri"},"content":{"rendered":"<p>[et_pb_section fb_built=&#8221;1&#8243; _builder_version=&#8221;4.27.4&#8243; _module_preset=&#8221;default&#8221; background_color=&#8221;rgba(0,0,0,0.2)&#8221; background_image=&#8221;https:\/\/vgabogadosyasesores.es\/wp-content\/uploads\/2024\/12\/titlebar.jpg&#8221; background_blend=&#8221;overlay&#8221; custom_padding=&#8221;75px||75px||true|false&#8221; hover_enabled=&#8221;0&#8243; locked=&#8221;off&#8221; global_colors_info=&#8221;{}&#8221; sticky_enabled=&#8221;0&#8243;][et_pb_row _builder_version=&#8221;4.19.4&#8243; _module_preset=&#8221;default&#8221; max_width=&#8221;100%&#8221; global_colors_info=&#8221;{}&#8221;][et_pb_column type=&#8221;4_4&#8243; _builder_version=&#8221;4.19.4&#8243; _module_preset=&#8221;default&#8221; global_colors_info=&#8221;{}&#8221;][et_pb_text admin_label=&#8221;titlebar&#8221; _builder_version=&#8221;4.27.4&#8243; _module_preset=&#8221;default&#8221; header_font=&#8221;|700|||||||&#8221; header_font_size=&#8221;35px&#8221; header_line_height=&#8221;1.3em&#8221; background_layout=&#8221;dark&#8221; header_font_size_tablet=&#8221;35px&#8221; header_font_size_phone=&#8221;30px&#8221; header_font_size_last_edited=&#8221;on|phone&#8221; header_text_shadow_style=&#8221;preset3&#8243; global_colors_info=&#8221;{}&#8221;]<\/p>\n<h1>Alte Demersuri<\/h1>\n<p>[\/et_pb_text][\/et_pb_column][\/et_pb_row][\/et_pb_section][et_pb_section fb_built=&#8221;1&#8243; _builder_version=&#8221;4.19.4&#8243; _module_preset=&#8221;default&#8221; global_colors_info=&#8221;{}&#8221;][et_pb_row admin_label=&#8221;row&#8221; _builder_version=&#8221;4.16&#8243; background_size=&#8221;initial&#8221; background_position=&#8221;top_left&#8221; background_repeat=&#8221;repeat&#8221; locked=&#8221;off&#8221; global_colors_info=&#8221;{}&#8221;][et_pb_column type=&#8221;4_4&#8243; _builder_version=&#8221;4.16&#8243; custom_padding=&#8221;|||&#8221; global_colors_info=&#8221;{}&#8221; custom_padding__hover=&#8221;|||&#8221;][et_pb_text admin_label=&#8221;anuncio\/blockquote&#8221; _builder_version=&#8221;4.27.4&#8243; _module_preset=&#8221;default&#8221; header_2_line_height=&#8221;1.3em&#8221; header_3_line_height=&#8221;1.3em&#8221; header_4_line_height=&#8221;1.3em&#8221; header_5_line_height=&#8221;1.3em&#8221; text_orientation=&#8221;center&#8221; global_colors_info=&#8221;{}&#8221;]<\/p>\n<blockquote>\n<h3><strong>ESMART CONSULTING<\/strong>:<\/h3>\n<h4>Suntem consilieri. Suntem manageri. Suntem profesioni\u0219ti.<\/h4>\n<\/blockquote>\n<p>[\/et_pb_text][\/et_pb_column][\/et_pb_row][et_pb_row admin_label=&#8221;row&#8221; _builder_version=&#8221;4.16&#8243; background_size=&#8221;initial&#8221; background_position=&#8221;top_left&#8221; background_repeat=&#8221;repeat&#8221; locked=&#8221;off&#8221; global_colors_info=&#8221;{}&#8221;][et_pb_column type=&#8221;4_4&#8243; _builder_version=&#8221;4.16&#8243; custom_padding=&#8221;|||&#8221; global_colors_info=&#8221;{}&#8221; custom_padding__hover=&#8221;|||&#8221;][et_pb_text _builder_version=&#8221;4.27.4&#8243; _module_preset=&#8221;default&#8221; text_orientation=&#8221;justified&#8221; global_colors_info=&#8221;{}&#8221;]<\/p>\n<p>Ne putem ocupa \u00een mod eficient \u0219i rapid de procedurile \u0219i demersurile necesare \u00een fa\u021ba diferitelor institu\u021bii, at\u00e2t pentru persoane fizice, c\u00e2t \u0219i pentru societ\u0103\u021bi comerciale.<\/p>\n<p>Printre altele, v\u0103 oferim serviciile noastre \u00een proceduri precum:<\/p>\n<ul>\n<li>Omologarea diplomelor<\/li>\n<li>\u00censo\u021birea \u0219i instrumentarea v\u00e2nz\u0103rii-cump\u0103r\u0103rii de imobile pentru cet\u0103\u021benii str\u0103ini<\/li>\n<li>Gestionarea renov\u0103rilor de locuin\u021be<\/li>\n<li>Re\u00eennoirea permiselor de conducere.<\/li>\n<li>Gestionarea permiselor legate de livr\u0103ri \u0219i conturi bancare.<\/li>\n<li>Formalit\u0103\u021bi legate de \u00eenchirieri pentru str\u0103ini.<\/li>\n<\/ul>\n<p>[\/et_pb_text][\/et_pb_column][\/et_pb_row][et_pb_row column_structure=&#8221;1_4,1_2,1_4&#8243; _builder_version=&#8221;4.19.4&#8243; _module_preset=&#8221;default&#8221; locked=&#8221;off&#8221; global_colors_info=&#8221;{}&#8221;][et_pb_column type=&#8221;1_4&#8243; _builder_version=&#8221;4.19.4&#8243; _module_preset=&#8221;default&#8221; global_colors_info=&#8221;{}&#8221;][\/et_pb_column][et_pb_column type=&#8221;1_2&#8243; _builder_version=&#8221;4.19.4&#8243; _module_preset=&#8221;default&#8221; global_colors_info=&#8221;{}&#8221;][et_pb_image src=&#8221;https:\/\/vgabogadosyasesores.es\/wp-content\/uploads\/2023\/09\/otros-tramites.jpg&#8221; alt=&#8221;La firma&#8221; title_text=&#8221;otros-tramites&#8221; align=&#8221;center&#8221; _builder_version=&#8221;4.22.1&#8243; _module_preset=&#8221;default&#8221; global_colors_info=&#8221;{}&#8221;][\/et_pb_image][\/et_pb_column][et_pb_column type=&#8221;1_4&#8243; _builder_version=&#8221;4.19.4&#8243; _module_preset=&#8221;default&#8221; global_colors_info=&#8221;{}&#8221;][\/et_pb_column][\/et_pb_row][et_pb_row admin_label=&#8221;row&#8221; _builder_version=&#8221;4.16&#8243; background_size=&#8221;initial&#8221; background_position=&#8221;top_left&#8221; background_repeat=&#8221;repeat&#8221; locked=&#8221;off&#8221; global_colors_info=&#8221;{}&#8221;][et_pb_column type=&#8221;4_4&#8243; _builder_version=&#8221;4.16&#8243; custom_padding=&#8221;|||&#8221; global_colors_info=&#8221;{}&#8221; custom_padding__hover=&#8221;|||&#8221;][et_pb_text admin_label=&#8221;anuncio\/blockquote&#8221; _builder_version=&#8221;4.27.4&#8243; _module_preset=&#8221;default&#8221; header_2_line_height=&#8221;1.3em&#8221; header_3_line_height=&#8221;1.3em&#8221; header_4_line_height=&#8221;1.3em&#8221; header_5_line_height=&#8221;1.3em&#8221; text_orientation=&#8221;center&#8221; global_colors_info=&#8221;{}&#8221;]<\/p>\n<h4>VG ABOGADOS \u0219i ESMART CONSULTING v\u0103 ofer\u0103 asisten\u021b\u0103 complet\u0103 \u0219i de calitate \u00een toate serviciile de care ave\u021bi nevoie. \u00cen acest scop, dispunem de o echip\u0103 multidisciplinar\u0103 de profesioni\u0219ti, exper\u021bi \u00een fiecare dintre domeniile de care ne ocup\u0103m, care v\u0103 vor asista cu aten\u021bia \u0219i eficien\u021ba pe care o c\u0103uta\u021bi.<br \/>\n<\/h4>\n<p>[\/et_pb_text][\/et_pb_column][\/et_pb_row][et_pb_row column_structure=&#8221;1_2,1_2&#8243; _builder_version=&#8221;4.22.1&#8243; _module_preset=&#8221;default&#8221; custom_padding=&#8221;0px||||false|false&#8221; locked=&#8221;off&#8221; global_colors_info=&#8221;{}&#8221;][et_pb_column type=&#8221;1_2&#8243; _builder_version=&#8221;4.22.1&#8243; _module_preset=&#8221;default&#8221; global_colors_info=&#8221;{}&#8221;][et_pb_image src=&#8221;https:\/\/vgabogadosyasesores.es\/wp-content\/uploads\/2023\/09\/logo.png&#8221; title_text=&#8221;logo&#8221; _builder_version=&#8221;4.22.1&#8243; _module_preset=&#8221;default&#8221; global_colors_info=&#8221;{}&#8221;][\/et_pb_image][\/et_pb_column][et_pb_column type=&#8221;1_2&#8243; _builder_version=&#8221;4.22.1&#8243; _module_preset=&#8221;default&#8221; global_colors_info=&#8221;{}&#8221;][et_pb_image src=&#8221;https:\/\/vgabogadosyasesores.es\/wp-content\/uploads\/2023\/09\/esmart-consulting-logo.png&#8221; alt=&#8221;Esmart Consulting &#8211; Asesor\u00eda y Gestor\u00eda&#8221; title_text=&#8221;esmart-consulting-logo&#8221; align=&#8221;center&#8221; _builder_version=&#8221;4.22.1&#8243; _module_preset=&#8221;default&#8221; global_colors_info=&#8221;{}&#8221;][\/et_pb_image][\/et_pb_column][\/et_pb_row][\/et_pb_section][et_pb_section fb_built=&#8221;1&#8243; _builder_version=&#8221;4.19.4&#8243; _module_preset=&#8221;default&#8221; background_color=&#8221;rgba(0,0,0,0.25)&#8221; background_image=&#8221;https:\/\/vgabogadosyasesores.es\/wp-content\/uploads\/2023\/01\/banner.jpg&#8221; background_blend=&#8221;multiply&#8221; custom_padding=&#8221;150px||150px||true|false&#8221; animation_style=&#8221;slide&#8221; animation_direction=&#8221;bottom&#8221; animation_duration=&#8221;3000ms&#8221; animation_delay=&#8221;500ms&#8221; locked=&#8221;off&#8221; global_colors_info=&#8221;{}&#8221;][et_pb_row _builder_version=&#8221;4.19.4&#8243; _module_preset=&#8221;default&#8221; global_colors_info=&#8221;{}&#8221;][et_pb_column type=&#8221;4_4&#8243; _builder_version=&#8221;4.19.4&#8243; _module_preset=&#8221;default&#8221; global_colors_info=&#8221;{}&#8221;][et_pb_text admin_label=&#8221;banner&#8221; _builder_version=&#8221;4.22.1&#8243; _module_preset=&#8221;default&#8221; header_3_font_size=&#8221;25px&#8221; header_4_font_size=&#8221;22px&#8221; text_orientation=&#8221;center&#8221; background_layout=&#8221;dark&#8221; header_3_text_shadow_style=&#8221;preset3&#8243; header_3_text_shadow_color=&#8221;#000000&#8243; header_4_text_shadow_style=&#8221;preset3&#8243; header_4_text_shadow_color=&#8221;#000000&#8243; global_colors_info=&#8221;{}&#8221;]<\/p>\n<h3><strong>VG Abogados y Asesores<\/strong>:<\/h3>\n<h4>Defendemos tus intereses prestando atenci\u00f3n a cada detalle.<\/h4>\n<p>[\/et_pb_text][\/et_pb_column][\/et_pb_row][\/et_pb_section]<\/p>\n","protected":false},"excerpt":{"rendered":"<p>Alte Demersuri ESMART CONSULTING: Suntem consilieri. Suntem manageri. Suntem profesioni\u0219ti. Ne putem ocupa \u00een mod eficient \u0219i rapid de procedurile \u0219i demersurile necesare \u00een fa\u021ba diferitelor institu\u021bii, at\u00e2t pentru persoane fizice, c\u00e2t \u0219i pentru societ\u0103\u021bi comerciale. Printre altele, v\u0103 oferim serviciile noastre \u00een proceduri precum: Omologarea diplomelor \u00censo\u021birea \u0219i instrumentarea v\u00e2nz\u0103rii-cump\u0103r\u0103rii de imobile pentru cet\u0103\u021benii [&hellip;]<\/p>\n","protected":false},"author":1,"featured_media":0,"parent":0,"menu_order":0,"comment_status":"closed","ping_status":"closed","template":"","meta":{"_et_pb_use_builder":"on","_et_pb_old_content":"","_et_gb_content_width":"","footnotes":""},"class_list":["post-238918","page","type-page","status-publish","hentry"],"aioseo_notices":[],"_links":{"self":[{"href":"https:\/\/vgabogadosyasesores.es\/ro\/wp-json\/wp\/v2\/pages\/238918","targetHints":{"allow":["GET"]}}],"collection":[{"href":"https:\/\/vgabogadosyasesores.es\/ro\/wp-json\/wp\/v2\/pages"}],"about":[{"href":"https:\/\/vgabogadosyasesores.es\/ro\/wp-json\/wp\/v2\/types\/page"}],"author":[{"embeddable":true,"href":"https:\/\/vgabogadosyasesores.es\/ro\/wp-json\/wp\/v2\/users\/1"}],"replies":[{"embeddable":true,"href":"https:\/\/vgabogadosyasesores.es\/ro\/wp-json\/wp\/v2\/comments?post=238918"}],"version-history":[{"count":5,"href":"https:\/\/vgabogadosyasesores.es\/ro\/wp-json\/wp\/v2\/pages\/238918\/revisions"}],"predecessor-version":[{"id":239057,"href":"https:\/\/vgabogadosyasesores.es\/ro\/wp-json\/wp\/v2\/pages\/238918\/revisions\/239057"}],"wp:attachment":[{"href":"https:\/\/vgabogadosyasesores.es\/ro\/wp-json\/wp\/v2\/media?parent=238918"}],"curies":[{"name":"wp","href":"https:\/\/api.w.org\/{rel}","templated":true}]}}